{"id":347,"date":"2024-04-25T11:00:02","date_gmt":"2024-04-25T09:00:02","guid":{"rendered":"https:\/\/bbqfuegojavea.com\/?page_id=347"},"modified":"2024-10-11T11:20:48","modified_gmt":"2024-10-11T09:20:48","slug":"politique-de-confidentialite","status":"publish","type":"page","link":"https:\/\/bbqfuegojavea.com\/fr\/politique-de-confidentialite\/","title":{"rendered":"Politique de confidentialit\u00e9"},"content":{"rendered":"<p>[et_pb_section fb_built=\u00a0\u00bb1&Prime; _builder_version=\u00a0\u00bb4.25.0&Prime; _module_preset=\u00a0\u00bbdefault\u00a0\u00bb locked=\u00a0\u00bboff\u00a0\u00bb global_colors_info=\u00a0\u00bb{}\u00a0\u00bb][et_pb_row _builder_version=\u00a0\u00bb4.25.0&Prime; _module_preset=\u00a0\u00bbdefault\u00a0\u00bb locked=\u00a0\u00bboff\u00a0\u00bb global_colors_info=\u00a0\u00bb{}\u00a0\u00bb][et_pb_column type=\u00a0\u00bb4_4&Prime; _builder_version=\u00a0\u00bb4.24.3&Prime; _module_preset=\u00a0\u00bbdefault\u00a0\u00bb custom_css_main_element=\u00a0\u00bbalign-self: center;\u00a0\u00bb global_colors_info=\u00a0\u00bb{}\u00a0\u00bb][et_pb_text _builder_version=\u00a0\u00bb4.25.0&Prime; _module_preset=\u00a0\u00bbdefault\u00a0\u00bb header_2_font_size=\u00a0\u00bb35px\u00a0\u00bb custom_margin=\u00a0\u00bb||8px||false|false\u00a0\u00bb global_colors_info=\u00a0\u00bb{}\u00a0\u00bb]<\/p>\n<h2>Politique de confidentialite<\/h2>\n<p>[\/et_pb_text][et_pb_text _builder_version=\u00a0\u00bb4.27.0&Prime; _module_preset=\u00a0\u00bbdefault\u00a0\u00bb text_font_size=\u00a0\u00bb18px\u00a0\u00bb hover_enabled=\u00a0\u00bb0&Prime; global_colors_info=\u00a0\u00bb{}\u00a0\u00bb sticky_enabled=\u00a0\u00bb0&Prime;]<\/p>\n<p>&nbsp;<\/p>\n<p><strong>Identification et Titularit\u00e9<\/strong><\/p>\n<p>Conform\u00e9ment \u00e0 l&rsquo;article 10 de la Loi 34\/2002, du 11 juillet, sur les Services de la Soci\u00e9t\u00e9 de l&rsquo;Information et le Commerce \u00c9lectronique, le Titulaire expose ses donn\u00e9es identifiantes :<\/p>\n<ul>\n<li><strong>Titulaire<\/strong> : BBQ FUEGO J\u00c1VEA<\/li>\n<li><strong>NIF<\/strong> : B42542605<\/li>\n<li><strong>Domicile<\/strong> : Paseo del tenista David Ferrer (Plage Arenal) Local 8, Alicante &#8211; Espagne<\/li>\n<li><strong>E-mail<\/strong> : <a rel=\"noopener\"><span>info<\/span><span>@fuegojavea<\/span><span>.com<\/span><\/a><\/li>\n<li><strong>Site Web<\/strong> : <a rel=\"noopener\" target=\"_new\" href=\"https:\/\/bbqfuegojavea.com\"><span>https<\/span><span>:\/\/bbqfuegojavea<\/span><span>.com<\/span><\/a><\/li>\n<\/ul>\n<p><strong>Collecte de Donn\u00e9es Personnelles<\/strong><\/p>\n<p>BBQ FUEGO J\u00c1VEA collecte et traite les donn\u00e9es personnelles que vous nous fournissez via notre site web, ainsi que par le biais de formulaires de contact et d&rsquo;autres moyens de communication.<\/p>\n<p><strong>Objectif du Traitement des Donn\u00e9es<\/strong><\/p>\n<p>Les donn\u00e9es que nous collectons sont utilis\u00e9es pour :<\/p>\n<ul>\n<li>G\u00e9rer les demandes re\u00e7ues.<\/li>\n<li>Envoyer des informations sur nos produits et services.<\/li>\n<li>Effectuer des analyses statistiques et de march\u00e9.<\/li>\n<\/ul>\n<p><strong>Droits des Utilisateurs<\/strong><\/p>\n<p>Les utilisateurs ont le droit d&rsquo;acc\u00e9der, de rectifier et de supprimer les donn\u00e9es personnelles les concernant, ainsi que de s&rsquo;opposer \u00e0 leur traitement et de demander la limitation de leur traitement. Pour exercer ces droits, ils peuvent nous contacter par e-mail.<\/p>\n<p><strong>S\u00e9curit\u00e9 des Donn\u00e9es<\/strong><\/p>\n<p>BBQ FUEGO J\u00c1VEA met en \u0153uvre les mesures techniques et organisationnelles appropri\u00e9es pour garantir la s\u00e9curit\u00e9 des donn\u00e9es personnelles et \u00e9viter leur alt\u00e9ration, perte, traitement ou acc\u00e8s non autoris\u00e9.<\/p>\n<p><strong>Modifications de la Politique de Confidentialit\u00e9<\/strong><\/p>\n<p>Nous nous r\u00e9servons le droit de modifier cette politique de confidentialit\u00e9 pour l&rsquo;adapter aux futures nouveaut\u00e9s l\u00e9gislatives ou jurisprudentielles. En cas de changements, les utilisateurs seront inform\u00e9s via le site web.<\/p>\n<p><strong>Contact<\/strong><\/p>\n<p>Pour toute question ou demande li\u00e9e \u00e0 cette politique de confidentialit\u00e9, vous pouvez nous contacter par e-mail : <a rel=\"noopener\"><span>info<\/span><span>@fuegojavea<\/span><span>.com<\/span><\/a>.<\/p>\n<p>[\/et_pb_text][\/et_pb_column][\/et_pb_row][\/et_pb_section]<\/p>\n","protected":false},"excerpt":{"rendered":"<p>Politique de confidentialite&nbsp; Identification et Titularit\u00e9 Conform\u00e9ment \u00e0 l&rsquo;article 10 de la Loi 34\/2002, du 11 juillet, sur les Services de la Soci\u00e9t\u00e9 de l&rsquo;Information et le Commerce \u00c9lectronique, le Titulaire expose ses donn\u00e9es identifiantes : Titulaire : BBQ FUEGO J\u00c1VEA NIF : B42542605 Domicile : Paseo del tenista David Ferrer (Plage Arenal) Local 8, [&hellip;]<\/p>\n","protected":false},"author":1,"featured_media":0,"parent":0,"menu_order":0,"comment_status":"closed","ping_status":"closed","template":"","meta":{"_et_pb_use_builder":"on","_et_pb_old_content":"","_et_gb_content_width":"","footnotes":""},"class_list":["post-347","page","type-page","status-publish","hentry"],"_links":{"self":[{"href":"https:\/\/bbqfuegojavea.com\/fr\/wp-json\/wp\/v2\/pages\/347","targetHints":{"allow":["GET"]}}],"collection":[{"href":"https:\/\/bbqfuegojavea.com\/fr\/wp-json\/wp\/v2\/pages"}],"about":[{"href":"https:\/\/bbqfuegojavea.com\/fr\/wp-json\/wp\/v2\/types\/page"}],"author":[{"embeddable":true,"href":"https:\/\/bbqfuegojavea.com\/fr\/wp-json\/wp\/v2\/users\/1"}],"replies":[{"embeddable":true,"href":"https:\/\/bbqfuegojavea.com\/fr\/wp-json\/wp\/v2\/comments?post=347"}],"version-history":[{"count":3,"href":"https:\/\/bbqfuegojavea.com\/fr\/wp-json\/wp\/v2\/pages\/347\/revisions"}],"predecessor-version":[{"id":700,"href":"https:\/\/bbqfuegojavea.com\/fr\/wp-json\/wp\/v2\/pages\/347\/revisions\/700"}],"wp:attachment":[{"href":"https:\/\/bbqfuegojavea.com\/fr\/wp-json\/wp\/v2\/media?parent=347"}],"curies":[{"name":"wp","href":"https:\/\/api.w.org\/{rel}","templated":true}]}}