{"id":343,"date":"2024-04-25T10:59:21","date_gmt":"2024-04-25T08:59:21","guid":{"rendered":"https:\/\/bbqfuegojavea.com\/?page_id=343"},"modified":"2024-10-11T11:18:30","modified_gmt":"2024-10-11T09:18:30","slug":"politique-de-cookies","status":"publish","type":"page","link":"https:\/\/bbqfuegojavea.com\/fr\/politique-de-cookies\/","title":{"rendered":"Politique de cookies"},"content":{"rendered":"<p>[et_pb_section fb_built=\u00a0\u00bb1&Prime; _builder_version=\u00a0\u00bb4.25.0&Prime; _module_preset=\u00a0\u00bbdefault\u00a0\u00bb locked=\u00a0\u00bboff\u00a0\u00bb global_colors_info=\u00a0\u00bb{}\u00a0\u00bb][et_pb_row _builder_version=\u00a0\u00bb4.25.0&Prime; _module_preset=\u00a0\u00bbdefault\u00a0\u00bb locked=\u00a0\u00bboff\u00a0\u00bb global_colors_info=\u00a0\u00bb{}\u00a0\u00bb][et_pb_column type=\u00a0\u00bb4_4&Prime; _builder_version=\u00a0\u00bb4.24.3&Prime; _module_preset=\u00a0\u00bbdefault\u00a0\u00bb custom_css_main_element=\u00a0\u00bbalign-self: center;\u00a0\u00bb global_colors_info=\u00a0\u00bb{}\u00a0\u00bb][et_pb_text _builder_version=\u00a0\u00bb4.25.0&Prime; _module_preset=\u00a0\u00bbdefault\u00a0\u00bb header_2_font_size=\u00a0\u00bb35px\u00a0\u00bb custom_margin=\u00a0\u00bb||8px||false|false\u00a0\u00bb global_colors_info=\u00a0\u00bb{}\u00a0\u00bb]<\/p>\n<h2>Politique de cookies<\/h2>\n<p>[\/et_pb_text][et_pb_text _builder_version=\u00a0\u00bb4.24.3&Prime; _module_preset=\u00a0\u00bbdefault\u00a0\u00bb text_font_size=\u00a0\u00bb18px\u00a0\u00bb hover_enabled=\u00a0\u00bb0&Prime; global_colors_info=\u00a0\u00bb{}\u00a0\u00bb sticky_enabled=\u00a0\u00bb0&Prime;]<\/p>\n<p>Politique en mati\u00e8re de cookies<\/p>\n<p>Politique en mati\u00e8re de cookies du Restaurante Fuego SL.<br \/>1. Utilisation des cookies Ce site web utilise des cookies pour am\u00e9liorer l&rsquo;exp\u00e9rience de l&rsquo;utilisateur. En utilisant notre site web, vous acceptez l&rsquo;utilisation de cookies conform\u00e9ment \u00e0 cette politique.<\/p>\n<p>2. Qu&rsquo;est-ce qu&rsquo;un cookie ? Les cookies sont de petits fichiers texte qui sont stock\u00e9s sur votre appareil lorsque vous visitez un site web. Ils nous permettent de m\u00e9moriser vos pr\u00e9f\u00e9rences et d&rsquo;am\u00e9liorer la fonctionnalit\u00e9 du site.<\/p>\n<p>3. Types de cookies que nous utilisons<\/p>\n<p>Cookies essentiels : N\u00e9cessaires au fonctionnement du site web.<br \/>Cookies de performance : Nous aident \u00e0 comprendre comment les utilisateurs interagissent avec notre site.<br \/>Cookies de fonctionnalit\u00e9 : Nous permettent de nous souvenir de vos pr\u00e9f\u00e9rences.<br \/>4. Gestion des cookies Vous pouvez g\u00e9rer et d\u00e9sactiver les cookies par le biais des param\u00e8tres de votre navigateur. Veuillez noter que la d\u00e9sactivation des cookies peut affecter la fonctionnalit\u00e9 du site web.<\/p>\n<p>5. Modifications de la politique en mati\u00e8re de cookies Nous pouvons mettre \u00e0 jour la pr\u00e9sente politique en mati\u00e8re de cookies de temps \u00e0 autre. Nous vous informerons de toute modification en publiant la nouvelle politique sur notre site web.<\/p>\n<p>Pour plus d&rsquo;informations sur notre politique en mati\u00e8re de cookies, vous pouvez nous contacter \u00e0 l&rsquo;adresse info@bbqfuegojavea.com.<\/p>\n<p>[\/et_pb_text][\/et_pb_column][\/et_pb_row][\/et_pb_section]<\/p>\n","protected":false},"excerpt":{"rendered":"<p>Politique de cookiesPolitique en mati\u00e8re de cookies Politique en mati\u00e8re de cookies du Restaurante Fuego SL.1. Utilisation des cookies Ce site web utilise des cookies pour am\u00e9liorer l&rsquo;exp\u00e9rience de l&rsquo;utilisateur. En utilisant notre site web, vous acceptez l&rsquo;utilisation de cookies conform\u00e9ment \u00e0 cette politique. 2. Qu&rsquo;est-ce qu&rsquo;un cookie ? Les cookies sont de petits fichiers [&hellip;]<\/p>\n","protected":false},"author":1,"featured_media":0,"parent":0,"menu_order":0,"comment_status":"closed","ping_status":"closed","template":"","meta":{"_et_pb_use_builder":"on","_et_pb_old_content":"","_et_gb_content_width":"","footnotes":""},"class_list":["post-343","page","type-page","status-publish","hentry"],"_links":{"self":[{"href":"https:\/\/bbqfuegojavea.com\/fr\/wp-json\/wp\/v2\/pages\/343","targetHints":{"allow":["GET"]}}],"collection":[{"href":"https:\/\/bbqfuegojavea.com\/fr\/wp-json\/wp\/v2\/pages"}],"about":[{"href":"https:\/\/bbqfuegojavea.com\/fr\/wp-json\/wp\/v2\/types\/page"}],"author":[{"embeddable":true,"href":"https:\/\/bbqfuegojavea.com\/fr\/wp-json\/wp\/v2\/users\/1"}],"replies":[{"embeddable":true,"href":"https:\/\/bbqfuegojavea.com\/fr\/wp-json\/wp\/v2\/comments?post=343"}],"version-history":[{"count":3,"href":"https:\/\/bbqfuegojavea.com\/fr\/wp-json\/wp\/v2\/pages\/343\/revisions"}],"predecessor-version":[{"id":699,"href":"https:\/\/bbqfuegojavea.com\/fr\/wp-json\/wp\/v2\/pages\/343\/revisions\/699"}],"wp:attachment":[{"href":"https:\/\/bbqfuegojavea.com\/fr\/wp-json\/wp\/v2\/media?parent=343"}],"curies":[{"name":"wp","href":"https:\/\/api.w.org\/{rel}","templated":true}]}}