{"id":335,"date":"2024-04-25T10:57:59","date_gmt":"2024-04-25T08:57:59","guid":{"rendered":"https:\/\/bbqfuegojavea.com\/?page_id=335"},"modified":"2024-10-11T11:17:14","modified_gmt":"2024-10-11T09:17:14","slug":"accessibilite","status":"publish","type":"page","link":"https:\/\/bbqfuegojavea.com\/fr\/accessibilite\/","title":{"rendered":"Accessibilit\u00e9"},"content":{"rendered":"<p>[et_pb_section fb_built=\u00a0\u00bb1&Prime; _builder_version=\u00a0\u00bb4.25.0&Prime; _module_preset=\u00a0\u00bbdefault\u00a0\u00bb locked=\u00a0\u00bboff\u00a0\u00bb global_colors_info=\u00a0\u00bb{}\u00a0\u00bb][et_pb_row _builder_version=\u00a0\u00bb4.25.0&Prime; _module_preset=\u00a0\u00bbdefault\u00a0\u00bb locked=\u00a0\u00bboff\u00a0\u00bb global_colors_info=\u00a0\u00bb{}\u00a0\u00bb][et_pb_column type=\u00a0\u00bb4_4&Prime; _builder_version=\u00a0\u00bb4.24.3&Prime; _module_preset=\u00a0\u00bbdefault\u00a0\u00bb custom_css_main_element=\u00a0\u00bbalign-self: center;\u00a0\u00bb global_colors_info=\u00a0\u00bb{}\u00a0\u00bb][et_pb_text _builder_version=\u00a0\u00bb4.25.0&Prime; _module_preset=\u00a0\u00bbdefault\u00a0\u00bb header_2_font_size=\u00a0\u00bb35px\u00a0\u00bb custom_margin=\u00a0\u00bb||8px||false|false\u00a0\u00bb global_colors_info=\u00a0\u00bb{}\u00a0\u00bb]<\/p>\n<h2>Accessibilit\u00e9<\/h2>\n<p>[\/et_pb_text][et_pb_text _builder_version=\u00a0\u00bb4.27.0&Prime; _module_preset=\u00a0\u00bbdefault\u00a0\u00bb text_font_size=\u00a0\u00bb18px\u00a0\u00bb hover_enabled=\u00a0\u00bb0&Prime; global_colors_info=\u00a0\u00bb{}\u00a0\u00bb sticky_enabled=\u00a0\u00bb0&Prime;]<\/p>\n<p>Restaurante fuego SL. s&rsquo;engage \u00e0 rendre son site Web accessible, conform\u00e9ment au RD 1112\/2018.<\/p>\n<p>La pr\u00e9sente d\u00e9claration d&rsquo;accessibilit\u00e9 s&rsquo;applique au site web https:\/\/bbqfuegojavea.com.<\/p>\n<p>Ce site web est enti\u00e8rement conforme au RD 1112\/2018.<\/p>\n<p>Pr\u00e9paration de cette d\u00e9claration d&rsquo;accessibilit\u00e9<br \/>La pr\u00e9sente d\u00e9claration a \u00e9t\u00e9 pr\u00e9par\u00e9e le 27 mai 2024.<\/p>\n<p>Une auto-\u00e9valuation r\u00e9alis\u00e9e par le d\u00e9veloppeur web.<\/p>\n<p>Derni\u00e8re r\u00e9vision de la d\u00e9claration : 27 mai 2024<\/p>\n<p>Commentaires et coordonn\u00e9es Communications sur les exigences en mati\u00e8re d&rsquo;accessibilit\u00e9 : m\u00e9canisme de communication \u00e0 utiliser pour informer Restaurante fuego SL. de tout non-respect des exigences en mati\u00e8re d&rsquo;accessibilit\u00e9 et pour demander des informations et des contenus exclus du champ d&rsquo;application de la directive : info@bbqfuegojavea.com.<\/p>\n<p>Proc\u00e9dure de demande<\/p>\n<p>Proc\u00e9dure de plainte : La proc\u00e9dure \u00e0 suivre en cas de r\u00e9ponse insatisfaisante \u00e0 la notification ou \u00e0 la demande, conform\u00e9ment \u00e0 l&rsquo;article 7, paragraphe 1, point b), de la directive, est de contacter le +34 965 502 017.<\/p>\n<p>[\/et_pb_text][\/et_pb_column][\/et_pb_row][\/et_pb_section]<\/p>\n","protected":false},"excerpt":{"rendered":"<p>Accessibilit\u00e9Restaurante fuego SL. s&rsquo;engage \u00e0 rendre son site Web accessible, conform\u00e9ment au RD 1112\/2018. La pr\u00e9sente d\u00e9claration d&rsquo;accessibilit\u00e9 s&rsquo;applique au site web https:\/\/bbqfuegojavea.com. Ce site web est enti\u00e8rement conforme au RD 1112\/2018. Pr\u00e9paration de cette d\u00e9claration d&rsquo;accessibilit\u00e9La pr\u00e9sente d\u00e9claration a \u00e9t\u00e9 pr\u00e9par\u00e9e le 27 mai 2024. Une auto-\u00e9valuation r\u00e9alis\u00e9e par le d\u00e9veloppeur web. Derni\u00e8re r\u00e9vision [&hellip;]<\/p>\n","protected":false},"author":1,"featured_media":0,"parent":0,"menu_order":0,"comment_status":"closed","ping_status":"closed","template":"","meta":{"_et_pb_use_builder":"on","_et_pb_old_content":"","_et_gb_content_width":"","footnotes":""},"class_list":["post-335","page","type-page","status-publish","hentry"],"_links":{"self":[{"href":"https:\/\/bbqfuegojavea.com\/fr\/wp-json\/wp\/v2\/pages\/335","targetHints":{"allow":["GET"]}}],"collection":[{"href":"https:\/\/bbqfuegojavea.com\/fr\/wp-json\/wp\/v2\/pages"}],"about":[{"href":"https:\/\/bbqfuegojavea.com\/fr\/wp-json\/wp\/v2\/types\/page"}],"author":[{"embeddable":true,"href":"https:\/\/bbqfuegojavea.com\/fr\/wp-json\/wp\/v2\/users\/1"}],"replies":[{"embeddable":true,"href":"https:\/\/bbqfuegojavea.com\/fr\/wp-json\/wp\/v2\/comments?post=335"}],"version-history":[{"count":3,"href":"https:\/\/bbqfuegojavea.com\/fr\/wp-json\/wp\/v2\/pages\/335\/revisions"}],"predecessor-version":[{"id":698,"href":"https:\/\/bbqfuegojavea.com\/fr\/wp-json\/wp\/v2\/pages\/335\/revisions\/698"}],"wp:attachment":[{"href":"https:\/\/bbqfuegojavea.com\/fr\/wp-json\/wp\/v2\/media?parent=335"}],"curies":[{"name":"wp","href":"https:\/\/api.w.org\/{rel}","templated":true}]}}