{"id":302,"date":"2024-04-24T13:59:54","date_gmt":"2024-04-24T11:59:54","guid":{"rendered":"https:\/\/bbqfuegojavea.com\/?page_id=302"},"modified":"2024-10-11T11:50:21","modified_gmt":"2024-10-11T09:50:21","slug":"menu","status":"publish","type":"page","link":"https:\/\/bbqfuegojavea.com\/fr\/menu\/","title":{"rendered":"Menu"},"content":{"rendered":"<p>[et_pb_section fb_built=\u00a0\u00bb1&Prime; admin_label=\u00a0\u00bbBanner\u00a0\u00bb _builder_version=\u00a0\u00bb4.24.3&Prime; _module_preset=\u00a0\u00bbdefault\u00a0\u00bb background_enable_color=\u00a0\u00bboff\u00a0\u00bb use_background_color_gradient=\u00a0\u00bbon\u00a0\u00bb background_color_gradient_stops=\u00a0\u00bbrgba(0,0,0,0.6) 0%|rgba(0,0,0,0.6) 100%\u00a0\u00bb background_color_gradient_overlays_image=\u00a0\u00bbon\u00a0\u00bb background_image=\u00a0\u00bbhttps:\/\/bbqfuegojavea.com\/wp-content\/uploads\/2024\/04\/Diseno-sin-titulo-74.jpg\u00a0\u00bb locked=\u00a0\u00bboff\u00a0\u00bb global_colors_info=\u00a0\u00bb{}\u00a0\u00bb][et_pb_row _builder_version=\u00a0\u00bb4.24.3&Prime; _module_preset=\u00a0\u00bbdefault\u00a0\u00bb custom_margin_last_edited=\u00a0\u00bboff|desktop\u00a0\u00bb global_colors_info=\u00a0\u00bb{}\u00a0\u00bb][et_pb_column type=\u00a0\u00bb4_4&Prime; admin_label=\u00a0\u00bbColumna\u00a0\u00bb _builder_version=\u00a0\u00bb4.24.3&Prime; _module_preset=\u00a0\u00bbdefault\u00a0\u00bb global_colors_info=\u00a0\u00bb{}\u00a0\u00bb][et_pb_text _builder_version=\u00a0\u00bb4.24.3&Prime; _module_preset=\u00a0\u00bbdefault\u00a0\u00bb text_font=\u00a0\u00bbDM Sans||||||||\u00a0\u00bb text_text_color=\u00a0\u00bb#FFFFFF\u00a0\u00bb text_font_size=\u00a0\u00bb20px\u00a0\u00bb header_font=\u00a0\u00bbRoboto Slab|700||on|||||\u00a0\u00bb header_text_color=\u00a0\u00bb#FFFFFF\u00a0\u00bb header_font_size=\u00a0\u00bb70px\u00a0\u00bb text_font_size_tablet=\u00a0\u00bb20px\u00a0\u00bb text_font_size_phone=\u00a0\u00bb18px\u00a0\u00bb text_font_size_last_edited=\u00a0\u00bbon|phone\u00a0\u00bb global_colors_info=\u00a0\u00bb{}\u00a0\u00bb]<\/p>\n<p>Bar BBQ Fuego<\/p>\n<p>[\/et_pb_text][et_pb_text _builder_version=\u00a0\u00bb4.27.0&Prime; _module_preset=\u00a0\u00bbdefault\u00a0\u00bb header_font=\u00a0\u00bbRoboto Slab|700||on|||||\u00a0\u00bb header_text_color=\u00a0\u00bb#FFFFFF\u00a0\u00bb header_font_size=\u00a0\u00bb50px\u00a0\u00bb hover_enabled=\u00a0\u00bb0&Prime; header_font_size_tablet=\u00a0\u00bb50px\u00a0\u00bb header_font_size_phone=\u00a0\u00bb35px\u00a0\u00bb header_font_size_last_edited=\u00a0\u00bbon|phone\u00a0\u00bb global_colors_info=\u00a0\u00bb{}\u00a0\u00bb text_font_size=\u00a0\u00bb49px\u00a0\u00bb text_text_color=\u00a0\u00bb#FFFFFF\u00a0\u00bb sticky_enabled=\u00a0\u00bb0&Prime;]<\/p>\n<p>Menu<\/p>\n<p>[\/et_pb_text][\/et_pb_column][\/et_pb_row][\/et_pb_section][et_pb_section fb_built=\u00a0\u00bb1&Prime; _builder_version=\u00a0\u00bb4.25.1&Prime; _module_preset=\u00a0\u00bbdefault\u00a0\u00bb min_height=\u00a0\u00bb368.3px\u00a0\u00bb global_colors_info=\u00a0\u00bb{}\u00a0\u00bb][et_pb_row _builder_version=\u00a0\u00bb4.25.1&Prime; _module_preset=\u00a0\u00bbdefault\u00a0\u00bb global_colors_info=\u00a0\u00bb{}\u00a0\u00bb][et_pb_column type=\u00a0\u00bb4_4&Prime; _builder_version=\u00a0\u00bb4.25.1&Prime; _module_preset=\u00a0\u00bbdefault\u00a0\u00bb global_colors_info=\u00a0\u00bb{}\u00a0\u00bb][et_pb_text _builder_version=\u00a0\u00bb4.25.1&Prime; _module_preset=\u00a0\u00bbdefault\u00a0\u00bb text_text_color=\u00a0\u00bb#000000&Prime; text_font_size=\u00a0\u00bb21px\u00a0\u00bb global_colors_info=\u00a0\u00bb{}\u00a0\u00bb]<\/p>\n<h1><strong>Menu de BBQ Fuego J\u00e1vea : Un des meilleurs restaurants de J\u00e1vea<\/strong><\/h1>\n<p>Chez BBQ Fuego J\u00e1vea, nous sommes fiers d&rsquo;offrir une exp\u00e9rience culinaire unique qui nous a \u00e9tablis comme l&rsquo;un des meilleurs restaurants de J\u00e1vea. Notre menu est con\u00e7u pour satisfaire les palais les plus exigeants avec une s\u00e9lection de plats pr\u00e9par\u00e9s avec des ingr\u00e9dients frais et de haute qualit\u00e9.<\/p>\n<p><strong>Entr\u00e9es et Tapas :<\/strong> Nous commen\u00e7ons avec une vari\u00e9t\u00e9 d&rsquo;entr\u00e9es et de tapas qui ravissent nos visiteurs. Des nachos maison avec guacamole et pico de gallo au carpaccio de b\u0153uf avec parmesan, chaque plat est pr\u00e9par\u00e9 avec soin et passion. Les olives marin\u00e9es FUEGO, l\u00e9g\u00e8rement \u00e9pic\u00e9es et sucr\u00e9es, sont l&rsquo;ap\u00e9ritif parfait pour ouvrir l&rsquo;app\u00e9tit.<\/p>\n<p>&nbsp;<\/p>\n<p>[\/et_pb_text][\/et_pb_column][\/et_pb_row][\/et_pb_section][et_pb_section fb_built=\u00a0\u00bb1&Prime; _builder_version=\u00a0\u00bb4.25.0&Prime; _module_preset=\u00a0\u00bbdefault\u00a0\u00bb locked=\u00a0\u00bboff\u00a0\u00bb global_colors_info=\u00a0\u00bb{}\u00a0\u00bb][et_pb_row _builder_version=\u00a0\u00bb4.25.0&Prime; _module_preset=\u00a0\u00bbdefault\u00a0\u00bb global_colors_info=\u00a0\u00bb{}\u00a0\u00bb][et_pb_column type=\u00a0\u00bb4_4&Prime; _builder_version=\u00a0\u00bb4.25.0&Prime; _module_preset=\u00a0\u00bbdefault\u00a0\u00bb global_colors_info=\u00a0\u00bb{}\u00a0\u00bb][et_pb_image src=\u00a0\u00bbhttps:\/\/bbqfuegojavea.com\/wp-content\/uploads\/2024\/07\/menu-fuego-javea-1.jpg\u00a0\u00bb alt=\u00a0\u00bbmenu fuego javea\u00a0\u00bb title_text=\u00a0\u00bbmenu fuego javea\u00a0\u00bb force_fullwidth=\u00a0\u00bbon\u00a0\u00bb _builder_version=\u00a0\u00bb4.25.1&Prime; _module_preset=\u00a0\u00bbdefault\u00a0\u00bb min_height=\u00a0\u00bb1641.4px\u00a0\u00bb custom_padding=\u00a0\u00bb0px|||||\u00a0\u00bb global_colors_info=\u00a0\u00bb{}\u00a0\u00bb][\/et_pb_image][et_pb_text _builder_version=\u00a0\u00bb4.25.1&Prime; _module_preset=\u00a0\u00bbdefault\u00a0\u00bb text_text_color=\u00a0\u00bb#000000&Prime; text_font_size=\u00a0\u00bb22px\u00a0\u00bb global_colors_info=\u00a0\u00bb{}\u00a0\u00bb]<\/p>\n<p><strong>Salades :<\/strong> Pour ceux qui pr\u00e9f\u00e8rent quelque chose de plus l\u00e9ger, nos salades fra\u00eeches sont un choix id\u00e9al. La salade C\u00e9sar, la salade de saumon fum\u00e9 norv\u00e9gien et la salade de mozzarella de bufflonne italienne se distinguent par leurs ingr\u00e9dients frais et leurs vinaigrettes maison.<\/p>\n<p>[\/et_pb_text][et_pb_image src=\u00a0\u00bbhttps:\/\/bbqfuegojavea.com\/wp-content\/uploads\/2024\/07\/menu-fuego-javea-2-2.jpg\u00a0\u00bb alt=\u00a0\u00bbmenu fuego javea\u00a0\u00bb title_text=\u00a0\u00bbmenu fuego j\u00e1vea 2&Prime; force_fullwidth=\u00a0\u00bbon\u00a0\u00bb _builder_version=\u00a0\u00bb4.25.1&Prime; _module_preset=\u00a0\u00bbdefault\u00a0\u00bb global_colors_info=\u00a0\u00bb{}\u00a0\u00bb][\/et_pb_image][et_pb_text _builder_version=\u00a0\u00bb4.25.1&Prime; _module_preset=\u00a0\u00bbdefault\u00a0\u00bb text_text_color=\u00a0\u00bb#000000&Prime; text_font_size=\u00a0\u00bb22px\u00a0\u00bb global_colors_info=\u00a0\u00bb{}\u00a0\u00bb]<\/p>\n<p><strong>Plats Principaux :<\/strong> Le c\u0153ur de notre menu est compos\u00e9 de viandes et de poissons grill\u00e9s, cuits sur notre gril \u00e0 charbon MIBRASA avec du charbon de bois de Marab\u00fa de Cuba. Les points forts incluent le steak de surlonge Black Angus du Nebraska et le filet de b\u0153uf galicien, tous deux cuits \u00e0 la perfection pour rehausser leurs saveurs naturelles. Notre poulet r\u00f4ti au BBQ et nos c\u00f4tes de porc \u00e0 l&rsquo;am\u00e9ricaine sont des favoris parmi nos clients r\u00e9guliers.<\/p>\n<p>[\/et_pb_text][et_pb_image src=\u00a0\u00bbhttps:\/\/bbqfuegojavea.com\/wp-content\/uploads\/2024\/07\/menu-fuego-javea-2-3.jpg\u00a0\u00bb alt=\u00a0\u00bbmenu fuego javea\u00a0\u00bb title_text=\u00a0\u00bbmenu fuego javea (2)\u00a0\u00bb force_fullwidth=\u00a0\u00bbon\u00a0\u00bb _builder_version=\u00a0\u00bb4.25.1&Prime; _module_preset=\u00a0\u00bbdefault\u00a0\u00bb global_colors_info=\u00a0\u00bb{}\u00a0\u00bb][\/et_pb_image][et_pb_text _builder_version=\u00a0\u00bb4.25.1&Prime; _module_preset=\u00a0\u00bbdefault\u00a0\u00bb text_text_color=\u00a0\u00bb#000000&Prime; text_font_size=\u00a0\u00bb22px\u00a0\u00bb global_colors_info=\u00a0\u00bb{}\u00a0\u00bb]<\/p>\n<p><strong>Options V\u00e9g\u00e9tariennes et V\u00e9ganes :<\/strong> Nous offrons \u00e9galement une vari\u00e9t\u00e9 d&rsquo;options v\u00e9g\u00e9tariennes et v\u00e9ganes, comme le burger de soja et le grill mixte v\u00e9gan. Ces plats sont pr\u00e9par\u00e9s avec le m\u00eame soin et la m\u00eame attention que nos plats principaux, garantissant \u00e0 tous nos convives une exp\u00e9rience gastronomique exceptionnelle.<\/p>\n<p>[\/et_pb_text][et_pb_image src=\u00a0\u00bbhttps:\/\/bbqfuegojavea.com\/wp-content\/uploads\/2024\/07\/Menu-fuego-Javea-4-1.jpg\u00a0\u00bb alt=\u00a0\u00bbMenu fuego J\u00e1vea 4&Prime; title_text=\u00a0\u00bbMenu fuego J\u00e1vea 4&Prime; force_fullwidth=\u00a0\u00bbon\u00a0\u00bb _builder_version=\u00a0\u00bb4.25.1&Prime; _module_preset=\u00a0\u00bbdefault\u00a0\u00bb global_colors_info=\u00a0\u00bb{}\u00a0\u00bb][\/et_pb_image][et_pb_text _builder_version=\u00a0\u00bb4.25.1&Prime; _module_preset=\u00a0\u00bbdefault\u00a0\u00bb text_text_color=\u00a0\u00bb#000000&Prime; text_font_size=\u00a0\u00bb22px\u00a0\u00bb global_colors_info=\u00a0\u00bb{}\u00a0\u00bb]<\/p>\n<p><strong>Desserts :<\/strong> Pour compl\u00e9ter l&rsquo;exp\u00e9rience, nos desserts maison comme le brownie au chocolat avec glace \u00e0 la vanille et le cheesecake New York avec fruits des bois sont la mani\u00e8re parfaite de cl\u00f4turer un repas chez BBQ Fuego J\u00e1vea.<\/p>\n<p>[\/et_pb_text][et_pb_image src=\u00a0\u00bbhttps:\/\/bbqfuegojavea.com\/wp-content\/uploads\/2024\/07\/menu-fuego-javea-3-2.jpg\u00a0\u00bb alt=\u00a0\u00bbMenu fuego J\u00e1vea 4&Prime; title_text=\u00a0\u00bbmenu fuego javea (3)\u00a0\u00bb force_fullwidth=\u00a0\u00bbon\u00a0\u00bb _builder_version=\u00a0\u00bb4.25.1&Prime; _module_preset=\u00a0\u00bbdefault\u00a0\u00bb global_colors_info=\u00a0\u00bb{}\u00a0\u00bb][\/et_pb_image][et_pb_image src=\u00a0\u00bbhttps:\/\/bbqfuegojavea.com\/wp-content\/uploads\/2024\/07\/menu-fuego-Javea-6.jpg\u00a0\u00bb alt=\u00a0\u00bbmenu fuego J\u00e1vea\u00a0\u00bb title_text=\u00a0\u00bbmenu fuego J\u00e1vea\u00a0\u00bb force_fullwidth=\u00a0\u00bbon\u00a0\u00bb _builder_version=\u00a0\u00bb4.25.1&Prime; _module_preset=\u00a0\u00bbdefault\u00a0\u00bb global_colors_info=\u00a0\u00bb{}\u00a0\u00bb][\/et_pb_image][\/et_pb_column][\/et_pb_row][et_pb_row _builder_version=\u00a0\u00bb4.25.1&Prime; _module_preset=\u00a0\u00bbdefault\u00a0\u00bb global_colors_info=\u00a0\u00bb{}\u00a0\u00bb][et_pb_column type=\u00a0\u00bb4_4&Prime; _builder_version=\u00a0\u00bb4.25.1&Prime; _module_preset=\u00a0\u00bbdefault\u00a0\u00bb global_colors_info=\u00a0\u00bb{}\u00a0\u00bb][et_pb_text _builder_version=\u00a0\u00bb4.25.1&Prime; _module_preset=\u00a0\u00bbdefault\u00a0\u00bb text_text_color=\u00a0\u00bb#000000&Prime; text_font_size=\u00a0\u00bb22px\u00a0\u00bb global_colors_info=\u00a0\u00bb{}\u00a0\u00bb]<\/p>\n<p>Venez nous rendre visite et d\u00e9couvrez pourquoi nous sommes l&rsquo;un des meilleurs restaurants de J\u00e1vea. Notre menu et notre service d\u00e9vou\u00e9 sont con\u00e7us pour vous offrir une exp\u00e9rience culinaire inoubliable.<\/p>\n<p>[\/et_pb_text][\/et_pb_column][\/et_pb_row][\/et_pb_section]<\/p>\n","protected":false},"excerpt":{"rendered":"<p>Bar BBQ FuegoMenuMenu de BBQ Fuego J\u00e1vea : Un des meilleurs restaurants de J\u00e1vea Chez BBQ Fuego J\u00e1vea, nous sommes fiers d&rsquo;offrir une exp\u00e9rience culinaire unique qui nous a \u00e9tablis comme l&rsquo;un des meilleurs restaurants de J\u00e1vea. Notre menu est con\u00e7u pour satisfaire les palais les plus exigeants avec une s\u00e9lection de plats pr\u00e9par\u00e9s avec [&hellip;]<\/p>\n","protected":false},"author":1,"featured_media":665,"parent":0,"menu_order":0,"comment_status":"closed","ping_status":"closed","template":"","meta":{"_et_pb_use_builder":"on","_et_pb_old_content":"","_et_gb_content_width":"","footnotes":""},"class_list":["post-302","page","type-page","status-publish","has-post-thumbnail","hentry"],"_links":{"self":[{"href":"https:\/\/bbqfuegojavea.com\/fr\/wp-json\/wp\/v2\/pages\/302","targetHints":{"allow":["GET"]}}],"collection":[{"href":"https:\/\/bbqfuegojavea.com\/fr\/wp-json\/wp\/v2\/pages"}],"about":[{"href":"https:\/\/bbqfuegojavea.com\/fr\/wp-json\/wp\/v2\/types\/page"}],"author":[{"embeddable":true,"href":"https:\/\/bbqfuegojavea.com\/fr\/wp-json\/wp\/v2\/users\/1"}],"replies":[{"embeddable":true,"href":"https:\/\/bbqfuegojavea.com\/fr\/wp-json\/wp\/v2\/comments?post=302"}],"version-history":[{"count":8,"href":"https:\/\/bbqfuegojavea.com\/fr\/wp-json\/wp\/v2\/pages\/302\/revisions"}],"predecessor-version":[{"id":713,"href":"https:\/\/bbqfuegojavea.com\/fr\/wp-json\/wp\/v2\/pages\/302\/revisions\/713"}],"wp:featuredmedia":[{"embeddable":true,"href":"https:\/\/bbqfuegojavea.com\/fr\/wp-json\/wp\/v2\/media\/665"}],"wp:attachment":[{"href":"https:\/\/bbqfuegojavea.com\/fr\/wp-json\/wp\/v2\/media?parent=302"}],"curies":[{"name":"wp","href":"https:\/\/api.w.org\/{rel}","templated":true}]}}