{"id":300,"date":"2024-04-24T13:59:19","date_gmt":"2024-04-24T11:59:19","guid":{"rendered":"https:\/\/bbqfuegojavea.com\/?page_id=300"},"modified":"2024-10-11T12:05:49","modified_gmt":"2024-10-11T10:05:49","slug":"menu","status":"publish","type":"page","link":"https:\/\/bbqfuegojavea.com\/en\/menu\/","title":{"rendered":"Menu"},"content":{"rendered":"\n[et_pb_section fb_built=&#8221;1&#8243; admin_label=&#8221;Banner&#8221; _builder_version=&#8221;4.24.3&#8243; _module_preset=&#8221;default&#8221; background_enable_color=&#8221;off&#8221; use_background_color_gradient=&#8221;on&#8221; background_color_gradient_stops=&#8221;rgba(0,0,0,0.6) 0%|rgba(0,0,0,0.6) 100%&#8221; background_color_gradient_overlays_image=&#8221;on&#8221; background_image=&#8221;https:\/\/bbqfuegojavea.com\/wp-content\/uploads\/2024\/04\/Diseno-sin-titulo-74.jpg&#8221; locked=&#8221;off&#8221; global_colors_info=&#8221;{}&#8221;][et_pb_row _builder_version=&#8221;4.24.3&#8243; _module_preset=&#8221;default&#8221; custom_margin_last_edited=&#8221;off|desktop&#8221; global_colors_info=&#8221;{}&#8221;][et_pb_column type=&#8221;4_4&#8243; admin_label=&#8221;Columna&#8221; _builder_version=&#8221;4.24.3&#8243; _module_preset=&#8221;default&#8221; global_colors_info=&#8221;{}&#8221;][et_pb_text _builder_version=&#8221;4.24.3&#8243; _module_preset=&#8221;default&#8221; text_font=&#8221;DM Sans||||||||&#8221; text_text_color=&#8221;#FFFFFF&#8221; text_font_size=&#8221;20px&#8221; header_font=&#8221;Roboto Slab|700||on|||||&#8221; header_text_color=&#8221;#FFFFFF&#8221; header_font_size=&#8221;70px&#8221; text_font_size_tablet=&#8221;20px&#8221; text_font_size_phone=&#8221;18px&#8221; text_font_size_last_edited=&#8221;on|phone&#8221; global_colors_info=&#8221;{}&#8221;]<p>Bar BBQ Fuego<\/p>[\/et_pb_text][et_pb_text _builder_version=&#8221;4.27.0&#8243; _module_preset=&#8221;default&#8221; header_font=&#8221;Roboto Slab|700||on|||||&#8221; header_text_color=&#8221;#FFFFFF&#8221; header_font_size=&#8221;50px&#8221; hover_enabled=&#8221;0&#8243; header_font_size_tablet=&#8221;50px&#8221; header_font_size_phone=&#8221;35px&#8221; header_font_size_last_edited=&#8221;on|phone&#8221; global_colors_info=&#8221;{}&#8221; text_font_size=&#8221;58px&#8221; text_text_color=&#8221;#FFFFFF&#8221; sticky_enabled=&#8221;0&#8243;]<p>Menu<\/p>[\/et_pb_text][\/et_pb_column][\/et_pb_row][\/et_pb_section][et_pb_section fb_built=&#8221;1&#8243; _builder_version=&#8221;4.25.1&#8243; _module_preset=&#8221;default&#8221; min_height=&#8221;430.3px&#8221; global_colors_info=&#8221;{}&#8221;][et_pb_row _builder_version=&#8221;4.25.1&#8243; _module_preset=&#8221;default&#8221; global_colors_info=&#8221;{}&#8221;][et_pb_column type=&#8221;4_4&#8243; _builder_version=&#8221;4.25.1&#8243; _module_preset=&#8221;default&#8221; global_colors_info=&#8221;{}&#8221;][et_pb_text _builder_version=&#8221;4.25.1&#8243; _module_preset=&#8221;default&#8221; text_text_color=&#8221;#000000&#8243; text_font_size=&#8221;21px&#8221; global_colors_info=&#8221;{}&#8221;]<h1><strong>Menu at BBQ Fuego J\u00e1vea: One of the Best Restaurants in J\u00e1vea<\/strong><\/h1>\n<p>At BBQ Fuego J\u00e1vea, we pride ourselves on providing a unique culinary experience that has established us as one of the best restaurants in J\u00e1vea. Our menu is crafted to satisfy the most discerning palates with a selection of dishes prepared with fresh, high-quality ingredients.<\/p>\n<p><strong>Starters and Tapas:<\/strong> We begin with a variety of starters and tapas that delight our visitors. From homemade nachos with guacamole and pico de gallo to beef carpaccio with parmesan, each dish is made with care and passion. FUEGO\u2019s marinated olives, slightly spicy and sweet, are the perfect appetizer to whet your appetite.<\/p>\n<p>&nbsp;<\/p>[\/et_pb_text][\/et_pb_column][\/et_pb_row][\/et_pb_section][et_pb_section fb_built=&#8221;1&#8243; _builder_version=&#8221;4.25.0&#8243; _module_preset=&#8221;default&#8221; global_colors_info=&#8221;{}&#8221;][et_pb_row _builder_version=&#8221;4.25.0&#8243; _module_preset=&#8221;default&#8221; global_colors_info=&#8221;{}&#8221;][et_pb_column type=&#8221;4_4&#8243; _builder_version=&#8221;4.25.0&#8243; _module_preset=&#8221;default&#8221; global_colors_info=&#8221;{}&#8221;][et_pb_image src=&#8221;https:\/\/bbqfuegojavea.com\/wp-content\/uploads\/2024\/07\/Menu-Fuego-Javea.jpg&#8221; alt=&#8221;menu fuego javea\n&#8221; title_text=&#8221;Menu Fuego J\u00e1vea&#8221; force_fullwidth=&#8221;on&#8221; _builder_version=&#8221;4.25.1&#8243; _module_preset=&#8221;default&#8221; custom_margin=&#8221;-131px|||||&#8221; global_colors_info=&#8221;{}&#8221;][\/et_pb_image][et_pb_text _builder_version=&#8221;4.25.1&#8243; _module_preset=&#8221;default&#8221; text_text_color=&#8221;#000000&#8243; text_font_size=&#8221;21px&#8221; global_colors_info=&#8221;{}&#8221;]<p><strong>Salads:<\/strong> For those who prefer something lighter, our fresh salads are an ideal choice. The Caesar salad, smoked Norwegian salmon salad, and Italian buffalo mozzarella salad stand out for their fresh ingredients and homemade dressings.<\/p>[\/et_pb_text][et_pb_image src=&#8221;https:\/\/bbqfuegojavea.com\/wp-content\/uploads\/2024\/07\/menu-fuego-javea-2.jpg&#8221; alt=&#8221;menu fuego javea\n&#8221; title_text=&#8221;menu fuego javea 2&#8243; force_fullwidth=&#8221;on&#8221; _builder_version=&#8221;4.25.1&#8243; _module_preset=&#8221;default&#8221; min_height=&#8221;1449.4px&#8221; global_colors_info=&#8221;{}&#8221;][\/et_pb_image][et_pb_text _builder_version=&#8221;4.25.1&#8243; _module_preset=&#8221;default&#8221; text_text_color=&#8221;#000000&#8243; text_font_size=&#8221;21px&#8221; global_colors_info=&#8221;{}&#8221;]<p><strong>Main Courses:<\/strong> The heart of our menu is our grilled meats and fish, cooked on our MIBRASA charcoal grill with Marab\u00fa charcoal from Cuba. Highlights include the Black Angus sirloin steak from Nebraska and the Galician fillet steak, both cooked to perfection to enhance their natural flavors. Our BBQ roasted chicken and American-style pork ribs are favorites among our regular customers<\/p>[\/et_pb_text][et_pb_image src=&#8221;https:\/\/bbqfuegojavea.com\/wp-content\/uploads\/2024\/07\/menu-fuego-javea-3.jpg&#8221; alt=&#8221;menu fuego javea\n&#8221; title_text=&#8221;menu fuego javea 3&#8243; force_fullwidth=&#8221;on&#8221; _builder_version=&#8221;4.25.1&#8243; _module_preset=&#8221;default&#8221; global_colors_info=&#8221;{}&#8221;][\/et_pb_image][et_pb_text _builder_version=&#8221;4.25.1&#8243; _module_preset=&#8221;default&#8221; text_text_color=&#8221;#000000&#8243; text_font_size=&#8221;21px&#8221; global_colors_info=&#8221;{}&#8221;]<p><strong>Vegetarian and Vegan Options:<\/strong> We also offer a variety of vegetarian and vegan options, such as the soybean burger and the vegan BBQ mixed grill. These dishes are prepared with the same care and attention as our main courses, ensuring that all our diners have an exceptional dining experience.<\/p>[\/et_pb_text][et_pb_image src=&#8221;https:\/\/bbqfuegojavea.com\/wp-content\/uploads\/2024\/07\/menu-fuego-javea-4.jpg&#8221; alt=&#8221;menu fuego J\u00e1vea\n&#8221; title_text=&#8221;menu fuego javea 4&#8243; force_fullwidth=&#8221;on&#8221; _builder_version=&#8221;4.25.1&#8243; _module_preset=&#8221;default&#8221; global_colors_info=&#8221;{}&#8221;][\/et_pb_image][et_pb_text _builder_version=&#8221;4.25.1&#8243; _module_preset=&#8221;default&#8221; text_text_color=&#8221;#000000&#8243; text_font_size=&#8221;21px&#8221; global_colors_info=&#8221;{}&#8221;]<p><strong>Desserts:<\/strong> To complete the experience, our homemade desserts like the chocolate brownie with vanilla ice cream and the New York cheesecake with forest fruits are the perfect way to end a meal at BBQ Fuego J\u00e1vea.<\/p>[\/et_pb_text][et_pb_image src=&#8221;https:\/\/bbqfuegojavea.com\/wp-content\/uploads\/2024\/07\/menu-fuego-javea-5.jpg&#8221; alt=&#8221;menu fuego javea&#8221; title_text=&#8221;menu fuego javea 5&#8243; force_fullwidth=&#8221;on&#8221; _builder_version=&#8221;4.25.1&#8243; _module_preset=&#8221;default&#8221; global_colors_info=&#8221;{}&#8221;][\/et_pb_image][et_pb_image src=&#8221;https:\/\/bbqfuegojavea.com\/wp-content\/uploads\/2024\/07\/menu-fuego-Javea-2-1.jpg&#8221; alt=&#8221;menu fuego Javea\n&#8221; title_text=&#8221;menu fuego J\u00e1vea (2)&#8221; force_fullwidth=&#8221;on&#8221; _builder_version=&#8221;4.25.1&#8243; _module_preset=&#8221;default&#8221; global_colors_info=&#8221;{}&#8221;][\/et_pb_image][et_pb_text _builder_version=&#8221;4.25.1&#8243; _module_preset=&#8221;default&#8221; text_text_color=&#8221;#000000&#8243; text_font_size=&#8221;20px&#8221; global_colors_info=&#8221;{}&#8221;]<p>Visit us and discover why we are one of the best restaurants in J\u00e1vea. Our menu and dedicated service are designed to offer you an unforgettable culinary experience.<\/p>[\/et_pb_text][\/et_pb_column][\/et_pb_row][\/et_pb_section]\n","protected":false},"excerpt":{"rendered":"<p>Bar BBQ FuegoMenuMenu at BBQ Fuego J\u00e1vea: One of the Best Restaurants in J\u00e1vea At BBQ Fuego J\u00e1vea, we pride ourselves on providing a unique culinary experience that has established us as one of the best restaurants in J\u00e1vea. Our menu is crafted to satisfy the most discerning palates with a selection of dishes prepared [&hellip;]<\/p>\n","protected":false},"author":1,"featured_media":722,"parent":0,"menu_order":0,"comment_status":"closed","ping_status":"closed","template":"","meta":{"_et_pb_use_builder":"on","_et_pb_old_content":"","_et_gb_content_width":"","footnotes":""},"class_list":["post-300","page","type-page","status-publish","has-post-thumbnail","hentry"],"_links":{"self":[{"href":"https:\/\/bbqfuegojavea.com\/en\/wp-json\/wp\/v2\/pages\/300","targetHints":{"allow":["GET"]}}],"collection":[{"href":"https:\/\/bbqfuegojavea.com\/en\/wp-json\/wp\/v2\/pages"}],"about":[{"href":"https:\/\/bbqfuegojavea.com\/en\/wp-json\/wp\/v2\/types\/page"}],"author":[{"embeddable":true,"href":"https:\/\/bbqfuegojavea.com\/en\/wp-json\/wp\/v2\/users\/1"}],"replies":[{"embeddable":true,"href":"https:\/\/bbqfuegojavea.com\/en\/wp-json\/wp\/v2\/comments?post=300"}],"version-history":[{"count":8,"href":"https:\/\/bbqfuegojavea.com\/en\/wp-json\/wp\/v2\/pages\/300\/revisions"}],"predecessor-version":[{"id":726,"href":"https:\/\/bbqfuegojavea.com\/en\/wp-json\/wp\/v2\/pages\/300\/revisions\/726"}],"wp:featuredmedia":[{"embeddable":true,"href":"https:\/\/bbqfuegojavea.com\/en\/wp-json\/wp\/v2\/media\/722"}],"wp:attachment":[{"href":"https:\/\/bbqfuegojavea.com\/en\/wp-json\/wp\/v2\/media?parent=300"}],"curies":[{"name":"wp","href":"https:\/\/api.w.org\/{rel}","templated":true}]}}