{"id":296,"date":"2024-04-24T13:58:28","date_gmt":"2024-04-24T11:58:28","guid":{"rendered":"https:\/\/bbqfuegojavea.com\/?page_id=296"},"modified":"2025-07-30T14:25:15","modified_gmt":"2025-07-30T12:25:15","slug":"bookings","status":"publish","type":"page","link":"https:\/\/bbqfuegojavea.com\/en\/bookings\/","title":{"rendered":"Bookings"},"content":{"rendered":"<p>[et_pb_section fb_built=&#8221;1&#8243; admin_label=&#8221;Banner&#8221; _builder_version=&#8221;4.25.0&#8243; _module_preset=&#8221;default&#8221; background_enable_color=&#8221;off&#8221; use_background_color_gradient=&#8221;on&#8221; background_color_gradient_stops=&#8221;rgba(0,0,0,0.6) 0%|rgba(0,0,0,0.6) 100%&#8221; background_color_gradient_overlays_image=&#8221;on&#8221; background_image=&#8221;https:\/\/bbqfuegojavea.com\/wp-content\/uploads\/2024\/04\/BBq-Fuego-Javea-Restaurantes-en-Javea-47_Easy-Resize.com_.jpg&#8221; locked=&#8221;off&#8221; global_colors_info=&#8221;{}&#8221;][et_pb_row _builder_version=&#8221;4.24.3&#8243; _module_preset=&#8221;default&#8221; custom_margin_last_edited=&#8221;off|desktop&#8221; global_colors_info=&#8221;{}&#8221;][et_pb_column type=&#8221;4_4&#8243; admin_label=&#8221;Columna&#8221; _builder_version=&#8221;4.24.3&#8243; _module_preset=&#8221;default&#8221; global_colors_info=&#8221;{}&#8221;][et_pb_text _builder_version=&#8221;4.25.0&#8243; _module_preset=&#8221;default&#8221; text_font=&#8221;DM Sans||||||||&#8221; text_text_color=&#8221;#FFFFFF&#8221; text_font_size=&#8221;20px&#8221; header_font=&#8221;Roboto Slab|700||on|||||&#8221; header_text_color=&#8221;#FFFFFF&#8221; header_font_size=&#8221;70px&#8221; text_font_size_tablet=&#8221;20px&#8221; text_font_size_phone=&#8221;18px&#8221; text_font_size_last_edited=&#8221;on|phone&#8221; global_colors_info=&#8221;{}&#8221;]<\/p>\n<p>Bar BBQ Fuego<\/p>\n<p>[\/et_pb_text][et_pb_text _builder_version=&#8221;4.25.1&#8243; _module_preset=&#8221;default&#8221; header_font=&#8221;Roboto Slab|700||on|||||&#8221; header_text_color=&#8221;#FFFFFF&#8221; header_font_size=&#8221;50px&#8221; header_font_size_tablet=&#8221;50px&#8221; header_font_size_phone=&#8221;35px&#8221; header_font_size_last_edited=&#8221;on|phone&#8221; global_colors_info=&#8221;{}&#8221;]<\/p>\n<h1>Bookings<\/h1>\n<p>[\/et_pb_text][\/et_pb_column][\/et_pb_row][\/et_pb_section][et_pb_section fb_built=&#8221;1&#8243; admin_label=&#8221;Cont\u00e1ctanos&#8221; _builder_version=&#8221;4.24.3&#8243; _module_preset=&#8221;default&#8221; background_color=&#8221;#f5f5f5&#8243; locked=&#8221;off&#8221; global_colors_info=&#8221;{}&#8221;][et_pb_row _builder_version=&#8221;4.24.3&#8243; _module_preset=&#8221;default&#8221; custom_padding=&#8221;|2px||||&#8221; locked=&#8221;off&#8221; global_colors_info=&#8221;{}&#8221;][et_pb_column type=&#8221;4_4&#8243; _builder_version=&#8221;4.24.3&#8243; _module_preset=&#8221;default&#8221; global_colors_info=&#8221;{}&#8221;][et_pb_text _builder_version=&#8221;4.25.0&#8243; _module_preset=&#8221;default&#8221; header_2_text_align=&#8221;center&#8221; header_2_font_size=&#8221;45px&#8221; custom_margin=&#8221;||||false|false&#8221; header_2_font_size_tablet=&#8221;40px&#8221; header_2_font_size_phone=&#8221;30px&#8221; header_2_font_size_last_edited=&#8221;on|phone&#8221; global_colors_info=&#8221;{}&#8221;]<\/p>\n<h2>Bookings<\/h2>\n<p>[\/et_pb_text][et_pb_text _builder_version=&#8221;4.25.0&#8243; _module_preset=&#8221;default&#8221; header_3_font_size=&#8221;20px&#8221; text_orientation=&#8221;center&#8221; header_3_font_size_tablet=&#8221;20px&#8221; header_3_font_size_phone=&#8221;17px&#8221; header_3_font_size_last_edited=&#8221;on|phone&#8221; locked=&#8221;off&#8221; global_colors_info=&#8221;{}&#8221;]<\/p>\n<h3>Book your table at BBQ Fuego J\u00e1vea and guarantee your place in an unforgettable culinary experience, make your reservation today and enjoy the best grilled food in J\u00e1vea!<\/h3>\n<p>[\/et_pb_text][\/et_pb_column][\/et_pb_row][et_pb_row column_structure=&#8221;1_3,1_3,1_3&#8243; _builder_version=&#8221;4.24.3&#8243; _module_preset=&#8221;default&#8221; background_color=&#8221;#f5f5f5&#8243; position_origin_a=&#8221;bottom_right&#8221; z_index=&#8221;10&#8243; locked=&#8221;off&#8221; global_colors_info=&#8221;{}&#8221;][et_pb_column type=&#8221;1_3&#8243; _builder_version=&#8221;4.24.3&#8243; _module_preset=&#8221;default&#8221; global_colors_info=&#8221;{}&#8221;][et_pb_blurb title=&#8221;Telephone&#8221; use_icon=&#8221;on&#8221; font_icon=&#8221;&#xf3cd;||fa||900&#8243; icon_color=&#8221;#000000&#8243; image_icon_width=&#8221;50px&#8221; image_icon_width_tablet=&#8221;50px&#8221; image_icon_width_phone=&#8221;40px&#8221; image_icon_width_last_edited=&#8221;on|phone&#8221; _builder_version=&#8221;4.25.1&#8243; _module_preset=&#8221;default&#8221; header_text_align=&#8221;center&#8221; body_text_align=&#8221;center&#8221; background_color=&#8221;#FFFFFF&#8221; custom_padding=&#8221;50px|50px|50px|50px|false|false&#8221; link_option_url=&#8221;tel:+34965502017&#8243; link_option_url_new_window=&#8221;on&#8221; header_font_size_tablet=&#8221;&#8221; header_font_size_phone=&#8221;17px&#8221; header_font_size_last_edited=&#8221;on|phone&#8221; body_font_size_tablet=&#8221;&#8221; body_font_size_phone=&#8221;14px&#8221; body_font_size_last_edited=&#8221;on|phone&#8221; border_radii=&#8221;on|15px|15px|15px|15px&#8221; box_shadow_style=&#8221;preset1&#8243; box_shadow_vertical=&#8221;0px&#8221; box_shadow_color=&#8221;rgba(0,0,0,0.2)&#8221; global_colors_info=&#8221;{}&#8221;]<\/p>\n<p>+34 965 502 017<\/p>\n<p>[\/et_pb_blurb][\/et_pb_column][et_pb_column type=&#8221;1_3&#8243; _builder_version=&#8221;4.24.3&#8243; _module_preset=&#8221;default&#8221; global_colors_info=&#8221;{}&#8221;][et_pb_blurb title=&#8221;E-mail&#8221; use_icon=&#8221;on&#8221; font_icon=&#8221;&#xe010;||divi||400&#8243; icon_color=&#8221;#000000&#8243; image_icon_width=&#8221;50px&#8221; image_icon_width_tablet=&#8221;50px&#8221; image_icon_width_phone=&#8221;40px&#8221; image_icon_width_last_edited=&#8221;on|phone&#8221; _builder_version=&#8221;4.25.1&#8243; _module_preset=&#8221;default&#8221; header_text_align=&#8221;center&#8221; body_text_align=&#8221;center&#8221; background_color=&#8221;#FFFFFF&#8221; custom_padding=&#8221;50px|50px|50px|50px|false|false&#8221; link_option_url=&#8221;mailto:Info@bbqfuegojavea.com&#8221; link_option_url_new_window=&#8221;on&#8221; body_font_size_tablet=&#8221;&#8221; body_font_size_phone=&#8221;14px&#8221; body_font_size_last_edited=&#8221;on|phone&#8221; border_radii=&#8221;on|15px|15px|15px|15px&#8221; box_shadow_style=&#8221;preset1&#8243; box_shadow_vertical=&#8221;0px&#8221; box_shadow_color=&#8221;rgba(0,0,0,0.2)&#8221; global_colors_info=&#8221;{}&#8221;]<\/p>\n<p>info@fuegojavea.com<\/p>\n<p>[\/et_pb_blurb][\/et_pb_column][et_pb_column type=&#8221;1_3&#8243; _builder_version=&#8221;4.24.3&#8243; _module_preset=&#8221;default&#8221; global_colors_info=&#8221;{}&#8221;][et_pb_blurb title=&#8221;Location&#8221; use_icon=&#8221;on&#8221; font_icon=&#8221;&#xe01d;||divi||400&#8243; icon_color=&#8221;#000000&#8243; image_icon_width=&#8221;50px&#8221; image_icon_width_tablet=&#8221;50px&#8221; image_icon_width_phone=&#8221;40px&#8221; image_icon_width_last_edited=&#8221;on|phone&#8221; _builder_version=&#8221;4.25.1&#8243; _module_preset=&#8221;default&#8221; header_text_align=&#8221;center&#8221; body_text_align=&#8221;center&#8221; background_color=&#8221;#FFFFFF&#8221; custom_padding=&#8221;50px|50px|50px|50px|false|false&#8221; link_option_url=&#8221;https:\/\/maps.app.goo.gl\/VN6FjvVK5Ddz25cs6&#8243; link_option_url_new_window=&#8221;on&#8221; body_font_size_tablet=&#8221;&#8221; body_font_size_phone=&#8221;14px&#8221; body_font_size_last_edited=&#8221;on|phone&#8221; border_radii=&#8221;on|15px|15px|15px|15px&#8221; box_shadow_style=&#8221;preset1&#8243; box_shadow_vertical=&#8221;0px&#8221; box_shadow_color=&#8221;rgba(0,0,0,0.2)&#8221; global_colors_info=&#8221;{}&#8221;]<\/p>\n<div class=\"content\">\n<div class=\"message-wrapper\">\n<div class=\"w7m89t0 w7m89t1d3 w7m89t115\">\n<div id=\"d033cf0f-e119-1634-7f7f-7f7f7f7f7f7f_c4fc0b20-00a9-11ef-a0ad-f1fb01730110\" class=\"message\">\n<div class=\"message-content\">\n<div class=\"\">\n<div>\n<div>\n<p class=\"message-body\">Av. de la Llibertat, 17, 03730 X\u00e0bia, Alicante<\/p>\n<\/div>\n<\/div>\n<\/div>\n<p><span class=\"\"><\/span><\/p>\n<\/div>\n<\/div>\n<\/div>\n<\/div>\n<div class=\"fiverr-message-wrapper\"><\/div>\n<div id=\"autoscroll-anchor\"><\/div>\n<\/div>\n<div class=\"w7m89t0 w7m89t1fg w7m89t1d3\">\n<footer class=\"conversation-footer\">\n<div class=\"message-box \">\n<div class=\"message-uploader-container\">\n<div class=\"message-container\"><\/div>\n<\/div>\n<\/div>\n<\/footer>\n<\/div>\n<p>[\/et_pb_blurb][\/et_pb_column][\/et_pb_row][\/et_pb_section][et_pb_section fb_built=&#8221;1&#8243; custom_padding_last_edited=&#8221;on|phone&#8221; admin_label=&#8221;Reserva&#8221; module_id=&#8221;reserva&#8221; _builder_version=&#8221;4.25.0&#8243; _module_preset=&#8221;default&#8221; background_color=&#8221;#eeeeee&#8221; custom_padding_tablet=&#8221;&#8221; custom_padding_phone=&#8221;20px||20px||false|false&#8221; locked=&#8221;off&#8221; global_colors_info=&#8221;{}&#8221;][et_pb_row _builder_version=&#8221;4.25.0&#8243; _module_preset=&#8221;default&#8221; width=&#8221;65%&#8221; width_tablet=&#8221;85%&#8221; width_phone=&#8221;&#8221; width_last_edited=&#8221;on|phone&#8221; locked=&#8221;off&#8221; global_colors_info=&#8221;{}&#8221;][et_pb_column type=&#8221;4_4&#8243; _builder_version=&#8221;4.24.3&#8243; _module_preset=&#8221;default&#8221; global_colors_info=&#8221;{}&#8221;][et_pb_text _builder_version=&#8221;4.25.1&#8243; _module_preset=&#8221;default&#8221; header_2_text_align=&#8221;center&#8221; header_2_font_size=&#8221;45px&#8221; custom_margin=&#8221;||||false|false&#8221; header_2_font_size_tablet=&#8221;40px&#8221; header_2_font_size_phone=&#8221;30px&#8221; header_2_font_size_last_edited=&#8221;on|phone&#8221; global_colors_info=&#8221;{}&#8221;]<\/p>\n<h2>Book a reservation<\/h2>\n<p>[\/et_pb_text][et_pb_text _builder_version=&#8221;4.25.1&#8243; _module_preset=&#8221;default&#8221; header_3_font_size=&#8221;20px&#8221; text_orientation=&#8221;center&#8221; header_3_font_size_tablet=&#8221;20px&#8221; header_3_font_size_phone=&#8221;17px&#8221; header_3_font_size_last_edited=&#8221;on|phone&#8221; global_colors_info=&#8221;{}&#8221;][\/et_pb_text][et_pb_text _builder_version=&#8221;4.27.0&#8243; _module_preset=&#8221;default&#8221; header_3_font_size=&#8221;20px&#8221; text_orientation=&#8221;center&#8221; header_3_font_size_tablet=&#8221;20px&#8221; header_3_font_size_phone=&#8221;17px&#8221; header_3_font_size_last_edited=&#8221;on|phone&#8221; global_colors_info=&#8221;{}&#8221;]<\/p>\n<h3><span style=\"text-decoration: underline;\">Important information: We open on 25th February<\/span><\/h3>\n<p>[\/et_pb_text][et_pb_text _builder_version=&#8221;4.25.1&#8243; _module_preset=&#8221;default&#8221; header_3_font_size=&#8221;20px&#8221; text_orientation=&#8221;center&#8221; header_3_font_size_tablet=&#8221;20px&#8221; header_3_font_size_phone=&#8221;17px&#8221; header_3_font_size_last_edited=&#8221;on|phone&#8221; global_colors_info=&#8221;{}&#8221;]<\/p>\n<h3>Do you have questions or would you like more information? At BBQ Fuego J\u00e1vea, your opinion and questions are important to us. You can get in touch by filling out the form on our website, calling us directly or visiting us. We are here to help you and make sure your experience is as warm and welcoming as our grill, let&#8217;s talk!<\/h3>\n<p>[\/et_pb_text][et_pb_text _builder_version=&#8221;4.25.1&#8243; _module_preset=&#8221;default&#8221; header_3_font_size=&#8221;20px&#8221; text_orientation=&#8221;center&#8221; header_3_font_size_tablet=&#8221;20px&#8221; header_3_font_size_phone=&#8221;17px&#8221; header_3_font_size_last_edited=&#8221;on|phone&#8221; global_colors_info=&#8221;{}&#8221;][\/et_pb_text][et_pb_code _builder_version=&#8221;4.27.0&#8243; _module_preset=&#8221;default&#8221; hover_enabled=&#8221;0&#8243; global_colors_info=&#8221;{}&#8221; sticky_enabled=&#8221;0&#8243;]<div class=\"forminator-ui forminator-custom-form forminator-custom-form-866 forminator-design--flat  forminator_ajax\" data-forminator-render=\"0\" data-form=\"forminator-module-866\" data-uid=\"69d51d4b2b31f\"><br\/><\/div><form\n\t\t\t\tid=\"forminator-module-866\"\n\t\t\t\tclass=\"forminator-ui forminator-custom-form forminator-custom-form-866 forminator-design--flat  forminator_ajax\"\n\t\t\t\tmethod=\"post\"\n\t\t\t\tdata-forminator-render=\"0\"\n\t\t\t\tdata-form-id=\"866\"\n\t\t\t\t data-color-option=\"default\" data-design=\"flat\" data-grid=\"open\" style=\"display: none;\"\n\t\t\t\tdata-uid=\"69d51d4b2b31f\"\n\t\t\t><div role=\"alert\" aria-live=\"polite\" class=\"forminator-response-message forminator-error\" aria-hidden=\"true\"><\/div><div class=\"forminator-row\"><div id=\"name-1\" class=\"forminator-field-name forminator-col forminator-col-12 \"><div class=\"forminator-field\"><label for=\"forminator-field-name-1_69d51d4b2b31f\" id=\"forminator-field-name-1_69d51d4b2b31f-label\" class=\"forminator-label\">Name <span class=\"forminator-required\">*<\/span><\/label><input type=\"text\" name=\"name-1\" value=\"\" placeholder=\"\" id=\"forminator-field-name-1_69d51d4b2b31f\" class=\"forminator-input forminator-name--field\" aria-required=\"true\" autocomplete=\"name\" \/><\/div><\/div><\/div><div class=\"forminator-row\"><div id=\"email-1\" class=\"forminator-field-email forminator-col forminator-col-12 \"><div class=\"forminator-field\"><label for=\"forminator-field-email-1_69d51d4b2b31f\" id=\"forminator-field-email-1_69d51d4b2b31f-label\" class=\"forminator-label\">Email <span class=\"forminator-required\">*<\/span><\/label><input type=\"email\" name=\"email-1\" value=\"\" placeholder=\"\" id=\"forminator-field-email-1_69d51d4b2b31f\" class=\"forminator-input forminator-email--field\" data-required=\"1\" aria-required=\"true\" autocomplete=\"email\" \/><\/div><\/div><\/div><div class=\"forminator-row\"><div id=\"phone-1\" class=\"forminator-field-phone forminator-col forminator-col-12 \"><div class=\"forminator-field\"><label for=\"forminator-field-phone-1_69d51d4b2b31f\" id=\"forminator-field-phone-1_69d51d4b2b31f-label\" class=\"forminator-label\">Telephone <span class=\"forminator-required\">*<\/span><\/label><input type=\"text\" name=\"phone-1\" value=\"\" placeholder=\"Telephone\" id=\"forminator-field-phone-1_69d51d4b2b31f\" class=\"forminator-input forminator-field--phone\" data-required=\"1\" aria-required=\"true\" autocomplete=\"off\" data-validation=\"1\" \/><\/div><\/div><\/div><div class=\"forminator-row\"><div id=\"date-1\" class=\"forminator-field-date forminator-col forminator-col-12 \"><div class=\"forminator-field\"><label for=\"forminator-field-date-1-picker_69d51d4b2b31f\" id=\"forminator-field-date-1-picker_69d51d4b2b31f-label\" class=\"forminator-label\">Date <span class=\"forminator-required\">*<\/span><\/label><div class=\"forminator-input-with-icon\"><span class=\"forminator-icon-calendar\" aria-hidden=\"true\"><\/span><input autocomplete=\"off\" type=\"text\" size=\"1\" name=\"date-1\" value=\"\" placeholder=\"Date\" id=\"forminator-field-date-1-picker_69d51d4b2b31f\" class=\"forminator-input forminator-datepicker\" data-required=\"1\" data-format=\"dd-mm-yy\" data-restrict-type=\"\" data-restrict=\"\" data-start-year=\"1926\" data-end-year=\"2126\" data-past-dates=\"enable\" data-start-of-week=\"1\" data-start-date=\"\" data-end-date=\"\" data-start-field=\"\" data-end-field=\"\" data-start-offset=\"\" data-end-offset=\"\" data-disable-date=\"\" data-disable-range=\"\" \/><\/div><\/div><\/div><\/div><div class=\"forminator-row\"><div id=\"time-1\" class=\"forminator-field-time forminator-col forminator-col-12 \"><label for=\"forminator-field-time-1\" id=\"forminator-field-time-1-label\" class=\"forminator-label\">Time <span class=\"forminator-required\">*<\/span><\/label><div class=\"forminator-timepicker\" ><div class=\"forminator-row\" data-multiple=\"true\"><div id=\"time-1-hours\" class=\"forminator-col forminator-col-6\"><div class=\"forminator-field\"><select name=\"time-1-hours\" id=\"forminator-field-866__field--time-1-hours_69d51d4b2b31f\" class=\"forminator-select2 time-hours \" data-field=\"hours\" data-placeholder=\"Select\" data-default-value=\"12\"><option value=\"0\" >00<\/option><option value=\"1\" >01<\/option><option value=\"2\" >02<\/option><option value=\"3\" >03<\/option><option value=\"4\" >04<\/option><option value=\"5\" >05<\/option><option value=\"6\" >06<\/option><option value=\"7\" >07<\/option><option value=\"8\" >08<\/option><option value=\"9\" >09<\/option><option value=\"10\" >10<\/option><option value=\"11\" >11<\/option><option value=\"12\" selected=\"selected\">12<\/option><option value=\"13\" >13<\/option><option value=\"14\" >14<\/option><option value=\"15\" >15<\/option><option value=\"16\" >16<\/option><option value=\"17\" >17<\/option><option value=\"18\" >18<\/option><option value=\"19\" >19<\/option><option value=\"20\" >20<\/option><option value=\"21\" >21<\/option><option value=\"22\" >22<\/option><option value=\"23\" >23<\/option><\/select><\/div><\/div><div id=\"time-1-minutes\" class=\"forminator-col forminator-col-6\"><div class=\"forminator-field\"><label for=\"forminator-field-866__field--time-1-minutes_69d51d4b2b31f\" id=\"forminator-field-866__field--time-1-minutes_69d51d4b2b31f-label\" class=\"forminator-label\">Minutos<\/label><select name=\"time-1-minutes\" id=\"forminator-field-866__field--time-1-minutes_69d51d4b2b31f\" class=\"forminator-select2 time-minutes \" data-field=\"minutes\" data-placeholder=\"Select\" aria-labelledby=\"forminator-field-866__field--time-1-minutes_69d51d4b2b31f-label\" data-default-value=\"0\"><option value=\"0\" selected=\"selected\">00<\/option><option value=\"15\" >15<\/option><option value=\"30\" >30<\/option><option value=\"45\" >45<\/option><\/select><\/div><\/div><\/div><\/div><\/div><\/div><div class=\"forminator-row\"><div id=\"number-1\" class=\"forminator-field-number forminator-col forminator-col-12 \"><div class=\"forminator-field\"><label for=\"forminator-field-number-1_69d51d4b2b31f\" id=\"forminator-field-number-1_69d51d4b2b31f-label\" class=\"forminator-label\">Number of guest <span class=\"forminator-required\">*<\/span><\/label><input name=\"number-1\" value=\"\" placeholder=\"Number of guest\" id=\"forminator-field-number-1_69d51d4b2b31f\" class=\"forminator-input forminator-number--field\" inputmode=\"decimal\" data-required=\"1\" data-decimals=\"0\" aria-required=\"true\" data-inputmask=\"&#039;groupSeparator&#039;: &#039;&#039;, &#039;radixPoint&#039;: &#039;&#039;, &#039;digits&#039;: &#039;0&#039;\" data-hidden-behavior=\"zero\" type=\"number\" step=\"any\" min=\"1\" max=\"150\" \/><\/div><\/div><\/div><div class=\"forminator-row\"><div id=\"textarea-1\" class=\"forminator-field-textarea forminator-col forminator-col-12 \"><div class=\"forminator-field\"><label for=\"forminator-field-textarea-1_69d51d4b2b31f\" id=\"forminator-field-textarea-1_69d51d4b2b31f-label\" class=\"forminator-label\">Comments<\/label><textarea name=\"textarea-1\" placeholder=\"\" id=\"forminator-field-textarea-1_69d51d4b2b31f\" class=\"forminator-textarea\" rows=\"6\" style=\"min-height:140px;\" ><\/textarea><\/div><\/div><\/div><div class=\"forminator-row\"><div id=\"date-2\" class=\"forminator-field-date forminator-col forminator-col-12 \"><div class=\"forminator-field\"><label for=\"forminator-field-date-2-picker_69d51d4b2b31f\" id=\"forminator-field-date-2-picker_69d51d4b2b31f-label\" class=\"forminator-label\">Date of your birthday<\/label><div class=\"forminator-input-with-icon\"><span class=\"forminator-icon-calendar\" aria-hidden=\"true\"><\/span><input autocomplete=\"off\" type=\"text\" size=\"1\" name=\"date-2\" value=\"\" placeholder=\"Select date\" id=\"forminator-field-date-2-picker_69d51d4b2b31f\" class=\"forminator-input forminator-datepicker\" data-required=\"\" data-format=\"mm\/dd\/yy\" data-restrict-type=\"\" data-restrict=\"\" data-start-year=\"1926\" data-end-year=\"2126\" data-past-dates=\"enable\" data-start-of-week=\"1\" data-start-date=\"\" data-end-date=\"\" data-start-field=\"\" data-end-field=\"\" data-start-offset=\"\" data-end-offset=\"\" data-disable-date=\"\" data-disable-range=\"\" aria-describedby=\"forminator-field-date-2-picker_69d51d4b2b31f-description\" \/><\/div><span id=\"forminator-field-date-2-picker_69d51d4b2b31f-description\" class=\"forminator-description\">\u00a1Queremos celebrarlo contigo! \ud83c\udf89  D\u00e9janos tu fecha de cumplea\u00f1os y perm\u00edtenos sorprenderte con un peque\u00f1o regalo de parte de todo el equipo de BBQ Fuego J\u00e1vea. Porque tus momentos especiales tambi\u00e9n lo son para nosotros. \ud83e\udd73\ud83c\udf81<\/span><\/div><\/div><\/div><div class=\"forminator-row\"><div id=\"radio-1\" class=\"forminator-field-radio forminator-col forminator-col-12 \"><div role=\"radiogroup\" class=\"forminator-field\" aria-labelledby=\"forminator-radiogroup-radio-1-69d51d4b2b31f-label\"><span id=\"forminator-radiogroup-radio-1-69d51d4b2b31f-label\" class=\"forminator-label\">Select your language <span class=\"forminator-required\">*<\/span><\/span><label id=\"forminator-field-radio-1-label-1\" for=\"forminator-field-radio-1-1-69d51d4b2b31f\" class=\"forminator-radio\" title=\"Espa\u00f1ol\"><input type=\"radio\" name=\"radio-1\" value=\"one\" id=\"forminator-field-radio-1-1-69d51d4b2b31f\" aria-labelledby=\"forminator-field-radio-1-label-1\" data-calculation=\"0\"   data-hidden-behavior=\"zero\"\/><span class=\"forminator-radio-bullet\" aria-hidden=\"true\"><\/span><span class=\"forminator-radio-label\">Espa\u00f1ol<\/span><\/label><label id=\"forminator-field-radio-1-label-2\" for=\"forminator-field-radio-1-2-69d51d4b2b31f\" class=\"forminator-radio\" title=\"English\"><input type=\"radio\" name=\"radio-1\" value=\"two\" id=\"forminator-field-radio-1-2-69d51d4b2b31f\" aria-labelledby=\"forminator-field-radio-1-label-2\" data-calculation=\"0\"   data-hidden-behavior=\"zero\"\/><span class=\"forminator-radio-bullet\" aria-hidden=\"true\"><\/span><span class=\"forminator-radio-label\">English<\/span><\/label><label id=\"forminator-field-radio-1-label-3\" for=\"forminator-field-radio-1-3-69d51d4b2b31f\" class=\"forminator-radio\" title=\"Fran\u00e7ais\"><input type=\"radio\" name=\"radio-1\" value=\"Fran\u00e7ais\" id=\"forminator-field-radio-1-3-69d51d4b2b31f\" aria-labelledby=\"forminator-field-radio-1-label-3\" data-calculation=\"0\"   data-hidden-behavior=\"zero\"\/><span class=\"forminator-radio-bullet\" aria-hidden=\"true\"><\/span><span class=\"forminator-radio-label\">Fran\u00e7ais<\/span><\/label><label id=\"forminator-field-radio-1-label-4\" for=\"forminator-field-radio-1-4-69d51d4b2b31f\" class=\"forminator-radio\" title=\"Nederlands\"><input type=\"radio\" name=\"radio-1\" value=\"Nederlands\" id=\"forminator-field-radio-1-4-69d51d4b2b31f\" aria-labelledby=\"forminator-field-radio-1-label-4\" data-calculation=\"0\"   data-hidden-behavior=\"zero\"\/><span class=\"forminator-radio-bullet\" aria-hidden=\"true\"><\/span><span class=\"forminator-radio-label\">Nederlands<\/span><\/label><\/div><\/div><\/div><input type=\"hidden\" name=\"referer_url\" value=\"\" \/><div class=\"forminator-row forminator-row-last\"><div class=\"forminator-col\"><div class=\"forminator-field\"><button class=\"forminator-button forminator-button-submit\">SEND<\/button><\/div><\/div><\/div><input type=\"hidden\" id=\"forminator_nonce\" name=\"forminator_nonce\" value=\"20a9330b8b\" \/><input type=\"hidden\" name=\"_wp_http_referer\" value=\"\/en\/wp-json\/wp\/v2\/pages\/296\" \/><input type=\"hidden\" name=\"form_id\" value=\"866\"><input type=\"hidden\" name=\"page_id\" value=\"296\"><input type=\"hidden\" name=\"form_type\" value=\"default\"><input type=\"hidden\" name=\"current_url\" value=\"https:\/\/bbqfuegojavea.com\/en\/bookings\/\"><input type=\"hidden\" name=\"render_id\" value=\"0\"><input type=\"hidden\" name=\"action\" value=\"forminator_submit_form_custom-forms\"><\/form>[\/et_pb_code][\/et_pb_column][\/et_pb_row][\/et_pb_section][et_pb_section fb_built=&#8221;1&#8243; fullwidth=&#8221;on&#8221; admin_label=&#8221;Mapa&#8221; _builder_version=&#8221;4.24.3&#8243; _module_preset=&#8221;default&#8221; locked=&#8221;off&#8221; global_colors_info=&#8221;{}&#8221;][et_pb_fullwidth_code _builder_version=&#8221;4.25.0&#8243; _module_preset=&#8221;default&#8221; custom_margin=&#8221;||-7px||false|false&#8221; locked=&#8221;off&#8221; global_colors_info=&#8221;{}&#8221;]<iframe src=\"https:\/\/www.google.com\/maps\/embed?pb=!1m18!1m12!1m3!1d549.8933603936797!2d0.1905631542838472!3d38.77135042852522!2m3!1f0!2f0!3f0!3m2!1i1024!2i768!4f13.1!3m3!1m2!1s0x129e0f37dbcd1593%3A0x2fe74973b8add4ec!2sRestaurante%20BBQ%20Fuego%20J%C3%A1vea!5e0!3m2!1ses!2ses!4v1713949943579!5m2!1ses!2ses\" width=\"100%\" height=\"450\" style=\"border:0;\" allowfullscreen=\"\" loading=\"lazy\" referrerpolicy=\"no-referrer-when-downgrade\"><\/iframe>[\/et_pb_fullwidth_code][\/et_pb_section]<\/p>\n","protected":false},"excerpt":{"rendered":"<p>Bar BBQ FuegoBookingsBookingsBook your table at BBQ Fuego J\u00e1vea and guarantee your place in an unforgettable culinary experience, make your reservation today and enjoy the best grilled food in J\u00e1vea!+34 965 502 017info@fuegojavea.com Av. de la Llibertat, 17, 03730 X\u00e0bia, Alicante Book a reservationImportant information: We open on 25th FebruaryDo you have questions or would [&hellip;]<\/p>\n","protected":false},"author":1,"featured_media":730,"parent":0,"menu_order":0,"comment_status":"closed","ping_status":"closed","template":"","meta":{"_et_pb_use_builder":"on","_et_pb_old_content":"","_et_gb_content_width":"","footnotes":""},"class_list":["post-296","page","type-page","status-publish","has-post-thumbnail","hentry"],"_links":{"self":[{"href":"https:\/\/bbqfuegojavea.com\/en\/wp-json\/wp\/v2\/pages\/296","targetHints":{"allow":["GET"]}}],"collection":[{"href":"https:\/\/bbqfuegojavea.com\/en\/wp-json\/wp\/v2\/pages"}],"about":[{"href":"https:\/\/bbqfuegojavea.com\/en\/wp-json\/wp\/v2\/types\/page"}],"author":[{"embeddable":true,"href":"https:\/\/bbqfuegojavea.com\/en\/wp-json\/wp\/v2\/users\/1"}],"replies":[{"embeddable":true,"href":"https:\/\/bbqfuegojavea.com\/en\/wp-json\/wp\/v2\/comments?post=296"}],"version-history":[{"count":12,"href":"https:\/\/bbqfuegojavea.com\/en\/wp-json\/wp\/v2\/pages\/296\/revisions"}],"predecessor-version":[{"id":868,"href":"https:\/\/bbqfuegojavea.com\/en\/wp-json\/wp\/v2\/pages\/296\/revisions\/868"}],"wp:featuredmedia":[{"embeddable":true,"href":"https:\/\/bbqfuegojavea.com\/en\/wp-json\/wp\/v2\/media\/730"}],"wp:attachment":[{"href":"https:\/\/bbqfuegojavea.com\/en\/wp-json\/wp\/v2\/media?parent=296"}],"curies":[{"name":"wp","href":"https:\/\/api.w.org\/{rel}","templated":true}]}}